{"id":1388,"date":"2024-07-26T09:50:05","date_gmt":"2024-07-26T09:50:05","guid":{"rendered":"https:\/\/collectifnode.com\/?page_id=1388"},"modified":"2025-01-02T13:38:04","modified_gmt":"2025-01-02T13:38:04","slug":"durable","status":"publish","type":"page","link":"https:\/\/collectifnode.com\/es\/durable","title":{"rendered":"DURABLE?"},"content":{"rendered":"<pre><\/pre>\n<table style=\"height: 97px; width: 535px; border-style: hidden;\" width=\"535\">\n<tbody>\n<tr>\n<td style=\"width: 525px;\">\n<p style=\"text-align: justify-left;\">\n<strong>Face aux enjeux actuels nous proposons : <\/strong><br \/>\n1-De construire moins, de r\u00e9fl\u00e9chir plus. De questionner pour chaque projet les besoins r\u00e9els afin d\u2019apporter une solution ad\u00e9quate.<br \/>\n2-De s\u2019appuyer sur la conception bioclimatique. C\u2019est le fondement de notre approche, il est parfois utile de le rappeler.<br \/>\n3-D\u2019interroger nos modes de vie : Quid de l\u2019habitat partag\u00e9 ? Des jardins partag\u00e9s ? Des quantit\u00e9s de surfaces et de mat\u00e9riaux ? Quid de la densit\u00e9 ?<\/p>\n<p><strong> Nous avons la conviction que : <\/strong><br \/>\n1-Il est urgent de poser la question environnementale en des termes plus pr\u00e9cis :<br \/>\nQue signifie \u00ab Durable \u00bb ? Est-ce synonyme de p\u00e9rennit\u00e9 ? Le b\u00e9ton et la pierre sont p\u00e9rennes. Leur bilan carbone est cependant catastrophique. Est-ce durable ?<br \/>\nLe bilan carbone est-il un bon crit\u00e8re ?<br \/>\n2-La technique n\u2019est pas une r\u00e9ponse aux enjeux environnementaux. Elle peut intelligemment accompagner le projet mais ne peut se suffire a elle-m\u00eame.<br \/>\n3-Il n\u2019existe pas de bons ou de mauvais mat\u00e9riaux. Il existe des utilisations plus ou moins pertinentes de ceux-ci selon les contextes.<\/p>\n<p>Le bon sens et l\u2019\u00e9conomie de moyen, la conception bioclimatique et la mutabilit\u00e9 des constructions sont des id\u00e9es simples \u00e0 mettre en \u0153uvre et que nous portons avec convictions afin de donner du sens \u00e0 ce que nous fabriquons.<\/p>\n<p>\n<\/p>\n<\/td>\n<\/tr>\n<\/tbody>\n<\/table>","protected":false},"excerpt":{"rendered":"<p>Face aux enjeux actuels nous proposons : 1-De construire moins, de r\u00e9fl\u00e9chir plus. De questionner pour chaque projet les besoins r\u00e9els afin d\u2019apporter une solution ad\u00e9quate. 2-De s\u2019appuyer sur la conception bioclimatique. C\u2019est le fondement de notre approche, il est parfois utile de le rappeler. 3-D\u2019interroger nos modes de vie : Quid de l\u2019habitat partag\u00e9 ? Des jardins partag\u00e9s ? Des quantit\u00e9s de surfaces et de mat\u00e9riaux ? Quid de la densit\u00e9 ? Nous avons la conviction que : 1-Il est urgent de poser la question environnementale en des termes plus pr\u00e9cis : Que signifie \u00ab Durable \u00bb ? Est-ce synonyme de p\u00e9rennit\u00e9 ? Le b\u00e9ton et la pierre sont p\u00e9rennes. Leur bilan carbone est cependant catastrophique. Est-ce durable ? Le bilan carbone est-il un bon crit\u00e8re ? 2-La technique n\u2019est pas une r\u00e9ponse aux enjeux environnementaux. Elle peut intelligemment accompagner le projet mais ne peut se suffire a elle-m\u00eame. 3-Il n\u2019existe pas de bons ou de mauvais mat\u00e9riaux. Il existe des utilisations plus ou moins pertinentes de ceux-ci selon les contextes. Le bon sens et l\u2019\u00e9conomie de moyen, la conception bioclimatique et la mutabilit\u00e9 des constructions sont des id\u00e9es simples \u00e0 mettre en \u0153uvre et que nous portons avec [&hellip;]<\/p>","protected":false},"author":1,"featured_media":0,"parent":0,"menu_order":0,"comment_status":"closed","ping_status":"closed","template":"page-with-slider.php","meta":[],"yoast_head":"<!-- This site is optimized with the Yoast SEO plugin v16.1.1 - https:\/\/yoast.com\/wordpress\/plugins\/seo\/ -->\n<title>DURABLE? - NODE architectes<\/title>\n<meta name=\"robots\" content=\"index, follow, max-snippet:-1, max-image-preview:large, max-video-preview:-1\" \/>\n<link rel=\"canonical\" href=\"https:\/\/collectifnode.com\/es\/durable\/\" \/>\n<meta property=\"og:locale\" content=\"es_ES\" \/>\n<meta property=\"og:type\" content=\"article\" \/>\n<meta property=\"og:title\" content=\"DURABLE? - NODE architectes\" \/>\n<meta property=\"og:description\" content=\"Face aux enjeux actuels nous proposons : 1-De construire moins, de r\u00e9fl\u00e9chir plus. De questionner pour chaque projet les besoins r\u00e9els afin d\u2019apporter une solution ad\u00e9quate. 2-De s\u2019appuyer sur la conception bioclimatique. C\u2019est le fondement de notre approche, il est parfois utile de le rappeler. 3-D\u2019interroger nos modes de vie : Quid de l\u2019habitat partag\u00e9 ? Des jardins partag\u00e9s ? Des quantit\u00e9s de surfaces et de mat\u00e9riaux ? Quid de la densit\u00e9 ? Nous avons la conviction que : 1-Il est urgent de poser la question environnementale en des termes plus pr\u00e9cis : Que signifie \u00ab Durable \u00bb ? Est-ce synonyme de p\u00e9rennit\u00e9 ? Le b\u00e9ton et la pierre sont p\u00e9rennes. Leur bilan carbone est cependant catastrophique. Est-ce durable ? Le bilan carbone est-il un bon crit\u00e8re ? 2-La technique n\u2019est pas une r\u00e9ponse aux enjeux environnementaux. Elle peut intelligemment accompagner le projet mais ne peut se suffire a elle-m\u00eame. 3-Il n\u2019existe pas de bons ou de mauvais mat\u00e9riaux. Il existe des utilisations plus ou moins pertinentes de ceux-ci selon les contextes. Le bon sens et l\u2019\u00e9conomie de moyen, la conception bioclimatique et la mutabilit\u00e9 des constructions sont des id\u00e9es simples \u00e0 mettre en \u0153uvre et que nous portons avec [&hellip;]\" \/>\n<meta property=\"og:url\" content=\"https:\/\/collectifnode.com\/es\/durable\/\" \/>\n<meta property=\"og:site_name\" content=\"NODE architectes\" \/>\n<meta property=\"article:modified_time\" content=\"2025-01-02T13:38:04+00:00\" \/>\n<meta name=\"twitter:card\" content=\"summary_large_image\" \/>\n<meta name=\"twitter:label1\" content=\"Tiempo de lectura\">\n\t<meta name=\"twitter:data1\" content=\"1 minuto\">\n<script type=\"application\/ld+json\" class=\"yoast-schema-graph\">{\"@context\":\"https:\/\/schema.org\",\"@graph\":[{\"@type\":\"WebSite\",\"@id\":\"https:\/\/collectifnode.com\/#website\",\"url\":\"https:\/\/collectifnode.com\/\",\"name\":\"Collectif Node Architecture\",\"description\":\"Architecte Vannes\",\"potentialAction\":[{\"@type\":\"SearchAction\",\"target\":\"https:\/\/collectifnode.com\/?s={search_term_string}\",\"query-input\":\"required name=search_term_string\"}],\"inLanguage\":\"es\"},{\"@type\":\"WebPage\",\"@id\":\"https:\/\/collectifnode.com\/durable#webpage\",\"url\":\"https:\/\/collectifnode.com\/durable\",\"name\":\"DURABLE? - NODE architectes\",\"isPartOf\":{\"@id\":\"https:\/\/collectifnode.com\/#website\"},\"datePublished\":\"2024-07-26T09:50:05+00:00\",\"dateModified\":\"2025-01-02T13:38:04+00:00\",\"breadcrumb\":{\"@id\":\"https:\/\/collectifnode.com\/durable#breadcrumb\"},\"inLanguage\":\"es\",\"potentialAction\":[{\"@type\":\"ReadAction\",\"target\":[\"https:\/\/collectifnode.com\/durable\"]}]},{\"@type\":\"BreadcrumbList\",\"@id\":\"https:\/\/collectifnode.com\/durable#breadcrumb\",\"itemListElement\":[{\"@type\":\"ListItem\",\"position\":1,\"item\":{\"@type\":\"WebPage\",\"@id\":\"https:\/\/collectifnode.com\/\",\"url\":\"https:\/\/collectifnode.com\/\",\"name\":\"Accueil\"}},{\"@type\":\"ListItem\",\"position\":2,\"item\":{\"@type\":\"WebPage\",\"@id\":\"https:\/\/collectifnode.com\/durable\",\"url\":\"https:\/\/collectifnode.com\/durable\",\"name\":\"DURABLE?\"}}]}]}<\/script>\n<!-- \/ Yoast SEO plugin. -->","_links":{"self":[{"href":"https:\/\/collectifnode.com\/es\/wp-json\/wp\/v2\/pages\/1388"}],"collection":[{"href":"https:\/\/collectifnode.com\/es\/wp-json\/wp\/v2\/pages"}],"about":[{"href":"https:\/\/collectifnode.com\/es\/wp-json\/wp\/v2\/types\/page"}],"author":[{"embeddable":true,"href":"https:\/\/collectifnode.com\/es\/wp-json\/wp\/v2\/users\/1"}],"replies":[{"embeddable":true,"href":"https:\/\/collectifnode.com\/es\/wp-json\/wp\/v2\/comments?post=1388"}],"version-history":[{"count":4,"href":"https:\/\/collectifnode.com\/es\/wp-json\/wp\/v2\/pages\/1388\/revisions"}],"predecessor-version":[{"id":1398,"href":"https:\/\/collectifnode.com\/es\/wp-json\/wp\/v2\/pages\/1388\/revisions\/1398"}],"wp:attachment":[{"href":"https:\/\/collectifnode.com\/es\/wp-json\/wp\/v2\/media?parent=1388"}],"curies":[{"name":"wp","href":"https:\/\/api.w.org\/{rel}","templated":true}]}}