{"id":490,"date":"2019-03-22T08:41:41","date_gmt":"2019-03-22T08:41:41","guid":{"rendered":"http:\/\/collectifnode.com\/?page_id=490"},"modified":"2024-07-19T11:51:22","modified_gmt":"2024-07-19T11:51:22","slug":"agence","status":"publish","type":"page","link":"https:\/\/collectifnode.com\/es\/agence","title":{"rendered":"Philosophie"},"content":{"rendered":"<table style=\"height: 97px; width: 535px; border-style: hidden;\">\n<tbody>\n<tr>\n<td>\n<pre>\r\n\r\nNODE architectes aborde le projet avec un esprit libre et avec enthousiasme.\r\nNotre travail est port\u00e9 par un triptyque de valeurs:<br><br>\r\n-<strong>La po\u00e9tique<\/strong> des lieux qui surgit du volumes, de la lumi\u00e8re, des mat\u00e9riaux, de ce \"je ne sais quoi\" qui nous donne envie de rester l\u00e0, \u00e0 vivre, \u00e0 travailler, \u00e0 jouer.<br><br>\r\n-<strong>Le quotidien<\/strong> car le quotidien nous rappelle qu'il est toujours plus simple d'\u00e9voluer dans des espaces ergonomiques, faciles \u00e0 entretenir, pens\u00e9s pour r\u00e9pondre aux aspects pragmatiques de la vie<br>\r\n<br>\r\n-<strong>L'\u00e9thique<\/strong> car le respect et le dialogue guident la relation \u00e0 notre environnement, \u00e0 l'ensemble de nos partenaires et ma\u00eetres d'ouvrages.<br>\r\n__\r\n \u00a0\u00a0<\/span><\/pre>\n<\/td>\n<\/tr>\n<\/tbody>\n<\/table>","protected":false},"excerpt":{"rendered":"<p>NODE architectes aborde le projet avec un esprit libre et avec enthousiasme. Notre travail est port\u00e9 par un triptyque de valeurs: -La po\u00e9tique des lieux qui surgit du volumes, de la lumi\u00e8re, des mat\u00e9riaux, de ce \u00ab\u00a0je ne sais quoi\u00a0\u00bb qui nous donne envie de rester l\u00e0, \u00e0 vivre, \u00e0 travailler, \u00e0 jouer. -Le quotidien car le quotidien nous rappelle qu&rsquo;il est toujours plus simple d&rsquo;\u00e9voluer dans des espaces ergonomiques, faciles \u00e0 entretenir, pens\u00e9s pour r\u00e9pondre aux aspects pragmatiques de la vie -L&rsquo;\u00e9thique car le respect et le dialogue guident la relation \u00e0 notre environnement, \u00e0 l&rsquo;ensemble de nos partenaires et ma\u00eetres d&rsquo;ouvrages. __ \u00a0\u00a0<\/p>","protected":false},"author":1,"featured_media":0,"parent":0,"menu_order":0,"comment_status":"closed","ping_status":"closed","template":"page-with-slider.php","meta":[],"yoast_head":"<!-- This site is optimized with the Yoast SEO plugin v16.1.1 - https:\/\/yoast.com\/wordpress\/plugins\/seo\/ -->\n<title>Philosophie - NODE architectes<\/title>\n<meta name=\"robots\" content=\"index, follow, max-snippet:-1, max-image-preview:large, max-video-preview:-1\" \/>\n<link rel=\"canonical\" href=\"https:\/\/collectifnode.com\/es\/agence\/\" \/>\n<meta property=\"og:locale\" content=\"es_ES\" \/>\n<meta property=\"og:type\" content=\"article\" \/>\n<meta property=\"og:title\" content=\"Philosophie - NODE architectes\" \/>\n<meta property=\"og:description\" content=\"NODE architectes aborde le projet avec un esprit libre et avec enthousiasme. Notre travail est port\u00e9 par un triptyque de valeurs: -La po\u00e9tique des lieux qui surgit du volumes, de la lumi\u00e8re, des mat\u00e9riaux, de ce &quot;je ne sais quoi&quot; qui nous donne envie de rester l\u00e0, \u00e0 vivre, \u00e0 travailler, \u00e0 jouer. -Le quotidien car le quotidien nous rappelle qu&#039;il est toujours plus simple d&#039;\u00e9voluer dans des espaces ergonomiques, faciles \u00e0 entretenir, pens\u00e9s pour r\u00e9pondre aux aspects pragmatiques de la vie -L&#039;\u00e9thique car le respect et le dialogue guident la relation \u00e0 notre environnement, \u00e0 l&#039;ensemble de nos partenaires et ma\u00eetres d&#039;ouvrages. __ \u00a0\u00a0\" \/>\n<meta property=\"og:url\" content=\"https:\/\/collectifnode.com\/es\/agence\/\" \/>\n<meta property=\"og:site_name\" content=\"NODE architectes\" \/>\n<meta property=\"article:modified_time\" content=\"2024-07-19T11:51:22+00:00\" \/>\n<meta name=\"twitter:card\" content=\"summary_large_image\" \/>\n<meta name=\"twitter:label1\" content=\"Tiempo de lectura\">\n\t<meta name=\"twitter:data1\" content=\"1 minuto\">\n<script type=\"application\/ld+json\" class=\"yoast-schema-graph\">{\"@context\":\"https:\/\/schema.org\",\"@graph\":[{\"@type\":\"WebSite\",\"@id\":\"https:\/\/collectifnode.com\/#website\",\"url\":\"https:\/\/collectifnode.com\/\",\"name\":\"Collectif Node Architecture\",\"description\":\"Architecte Vannes\",\"potentialAction\":[{\"@type\":\"SearchAction\",\"target\":\"https:\/\/collectifnode.com\/?s={search_term_string}\",\"query-input\":\"required name=search_term_string\"}],\"inLanguage\":\"es\"},{\"@type\":\"WebPage\",\"@id\":\"https:\/\/collectifnode.com\/agence#webpage\",\"url\":\"https:\/\/collectifnode.com\/agence\",\"name\":\"Philosophie - NODE architectes\",\"isPartOf\":{\"@id\":\"https:\/\/collectifnode.com\/#website\"},\"datePublished\":\"2019-03-22T08:41:41+00:00\",\"dateModified\":\"2024-07-19T11:51:22+00:00\",\"breadcrumb\":{\"@id\":\"https:\/\/collectifnode.com\/agence#breadcrumb\"},\"inLanguage\":\"es\",\"potentialAction\":[{\"@type\":\"ReadAction\",\"target\":[\"https:\/\/collectifnode.com\/agence\"]}]},{\"@type\":\"BreadcrumbList\",\"@id\":\"https:\/\/collectifnode.com\/agence#breadcrumb\",\"itemListElement\":[{\"@type\":\"ListItem\",\"position\":1,\"item\":{\"@type\":\"WebPage\",\"@id\":\"https:\/\/collectifnode.com\/\",\"url\":\"https:\/\/collectifnode.com\/\",\"name\":\"Accueil\"}},{\"@type\":\"ListItem\",\"position\":2,\"item\":{\"@type\":\"WebPage\",\"@id\":\"https:\/\/collectifnode.com\/agence\",\"url\":\"https:\/\/collectifnode.com\/agence\",\"name\":\"Philosophie\"}}]}]}<\/script>\n<!-- \/ Yoast SEO plugin. -->","_links":{"self":[{"href":"https:\/\/collectifnode.com\/es\/wp-json\/wp\/v2\/pages\/490"}],"collection":[{"href":"https:\/\/collectifnode.com\/es\/wp-json\/wp\/v2\/pages"}],"about":[{"href":"https:\/\/collectifnode.com\/es\/wp-json\/wp\/v2\/types\/page"}],"author":[{"embeddable":true,"href":"https:\/\/collectifnode.com\/es\/wp-json\/wp\/v2\/users\/1"}],"replies":[{"embeddable":true,"href":"https:\/\/collectifnode.com\/es\/wp-json\/wp\/v2\/comments?post=490"}],"version-history":[{"count":23,"href":"https:\/\/collectifnode.com\/es\/wp-json\/wp\/v2\/pages\/490\/revisions"}],"predecessor-version":[{"id":1373,"href":"https:\/\/collectifnode.com\/es\/wp-json\/wp\/v2\/pages\/490\/revisions\/1373"}],"wp:attachment":[{"href":"https:\/\/collectifnode.com\/es\/wp-json\/wp\/v2\/media?parent=490"}],"curies":[{"name":"wp","href":"https:\/\/api.w.org\/{rel}","templated":true}]}}