{"id":506,"date":"2019-03-22T10:29:23","date_gmt":"2019-03-22T10:29:23","guid":{"rendered":"http:\/\/collectifnode.com\/?page_id=506"},"modified":"2025-11-28T23:12:21","modified_gmt":"2025-11-28T23:12:21","slug":"equipe","status":"publish","type":"page","link":"https:\/\/collectifnode.com\/es\/equipe","title":{"rendered":"L&rsquo;\u00e9quipe"},"content":{"rendered":"<pre><\/pre>\n<table style=\"height: 97px; width: 535px; border-style: hidden;\" width=\"535\">\n<tbody>\n<tr>\n<td style=\"width: 525px;\">\n<p style=\"text-align: justify-left;\">Quelques crayons, du calque, un peu d&rsquo;humour et de rigueur: Hop! Pedro et Willy associent leurs savoirs-faire au sein de NODE architectes, install\u00e9s au coeur de Vannes<\/strong> pour y d\u00e9velopper des <strong>projets d&rsquo;architecture, <\/strong>, <strong>d&rsquo;urbanisme<\/strong>, de <strong>design<\/strong>, et de <strong>sc\u00e9nographie<\/strong> en France et \u00e0 l&rsquo;\u00e9tranger. <br \/>NODE architectes aborde chaque projet comme une <strong>exp\u00e9rience unique <\/strong>et <strong>ludique<\/strong> en questionnant les habitudes, les modes de vie et de construction avec le biosourc\u00e9 et le bioclimatique comme socle de conception.<\/span><br \/>\n\n<\/p>\n<\/td>\n<\/tr>\n<\/tbody>\n<\/table>","protected":false},"excerpt":{"rendered":"<p>Quelques crayons, du calque, un peu d&rsquo;humour et de rigueur: Hop! Pedro et Willy associent leurs savoirs-faire au sein de NODE architectes, install\u00e9s au coeur de Vannes pour y d\u00e9velopper des projets d&rsquo;architecture, , d&rsquo;urbanisme, de design, et de sc\u00e9nographie en France et \u00e0 l&rsquo;\u00e9tranger. NODE architectes aborde chaque projet comme une exp\u00e9rience unique et ludique en questionnant les habitudes, les modes de vie et de construction avec le biosourc\u00e9 et le bioclimatique comme socle de conception.<\/p>","protected":false},"author":1,"featured_media":0,"parent":0,"menu_order":0,"comment_status":"closed","ping_status":"closed","template":"page-with-slider.php","meta":[],"yoast_head":"<!-- This site is optimized with the Yoast SEO plugin v16.1.1 - https:\/\/yoast.com\/wordpress\/plugins\/seo\/ -->\n<title>L&#039;\u00e9quipe - NODE architectes<\/title>\n<meta name=\"robots\" content=\"index, follow, max-snippet:-1, max-image-preview:large, max-video-preview:-1\" \/>\n<link rel=\"canonical\" href=\"https:\/\/collectifnode.com\/es\/equipe\/\" \/>\n<meta property=\"og:locale\" content=\"es_ES\" \/>\n<meta property=\"og:type\" content=\"article\" \/>\n<meta property=\"og:title\" content=\"L&#039;\u00e9quipe - NODE architectes\" \/>\n<meta property=\"og:description\" content=\"Quelques crayons, du calque, un peu d&rsquo;humour et de rigueur: Hop! Pedro et Willy associent leurs savoirs-faire au sein de NODE architectes, install\u00e9s au coeur de Vannes pour y d\u00e9velopper des projets d&rsquo;architecture, , d&rsquo;urbanisme, de design, et de sc\u00e9nographie en France et \u00e0 l&rsquo;\u00e9tranger. NODE architectes aborde chaque projet comme une exp\u00e9rience unique et ludique en questionnant les habitudes, les modes de vie et de construction avec le biosourc\u00e9 et le bioclimatique comme socle de conception.\" \/>\n<meta property=\"og:url\" content=\"https:\/\/collectifnode.com\/es\/equipe\/\" \/>\n<meta property=\"og:site_name\" content=\"NODE architectes\" \/>\n<meta property=\"article:modified_time\" content=\"2025-11-28T23:12:21+00:00\" \/>\n<meta name=\"twitter:card\" content=\"summary_large_image\" \/>\n<script type=\"application\/ld+json\" class=\"yoast-schema-graph\">{\"@context\":\"https:\/\/schema.org\",\"@graph\":[{\"@type\":\"WebSite\",\"@id\":\"https:\/\/collectifnode.com\/#website\",\"url\":\"https:\/\/collectifnode.com\/\",\"name\":\"Collectif Node Architecture\",\"description\":\"Architecte Vannes\",\"potentialAction\":[{\"@type\":\"SearchAction\",\"target\":\"https:\/\/collectifnode.com\/?s={search_term_string}\",\"query-input\":\"required name=search_term_string\"}],\"inLanguage\":\"es\"},{\"@type\":\"WebPage\",\"@id\":\"https:\/\/collectifnode.com\/equipe#webpage\",\"url\":\"https:\/\/collectifnode.com\/equipe\",\"name\":\"L'\\u00e9quipe - NODE architectes\",\"isPartOf\":{\"@id\":\"https:\/\/collectifnode.com\/#website\"},\"datePublished\":\"2019-03-22T10:29:23+00:00\",\"dateModified\":\"2025-11-28T23:12:21+00:00\",\"breadcrumb\":{\"@id\":\"https:\/\/collectifnode.com\/equipe#breadcrumb\"},\"inLanguage\":\"es\",\"potentialAction\":[{\"@type\":\"ReadAction\",\"target\":[\"https:\/\/collectifnode.com\/equipe\"]}]},{\"@type\":\"BreadcrumbList\",\"@id\":\"https:\/\/collectifnode.com\/equipe#breadcrumb\",\"itemListElement\":[{\"@type\":\"ListItem\",\"position\":1,\"item\":{\"@type\":\"WebPage\",\"@id\":\"https:\/\/collectifnode.com\/\",\"url\":\"https:\/\/collectifnode.com\/\",\"name\":\"Accueil\"}},{\"@type\":\"ListItem\",\"position\":2,\"item\":{\"@type\":\"WebPage\",\"@id\":\"https:\/\/collectifnode.com\/equipe\",\"url\":\"https:\/\/collectifnode.com\/equipe\",\"name\":\"L&rsquo;\\u00e9quipe\"}}]}]}<\/script>\n<!-- \/ Yoast SEO plugin. -->","_links":{"self":[{"href":"https:\/\/collectifnode.com\/es\/wp-json\/wp\/v2\/pages\/506"}],"collection":[{"href":"https:\/\/collectifnode.com\/es\/wp-json\/wp\/v2\/pages"}],"about":[{"href":"https:\/\/collectifnode.com\/es\/wp-json\/wp\/v2\/types\/page"}],"author":[{"embeddable":true,"href":"https:\/\/collectifnode.com\/es\/wp-json\/wp\/v2\/users\/1"}],"replies":[{"embeddable":true,"href":"https:\/\/collectifnode.com\/es\/wp-json\/wp\/v2\/comments?post=506"}],"version-history":[{"count":25,"href":"https:\/\/collectifnode.com\/es\/wp-json\/wp\/v2\/pages\/506\/revisions"}],"predecessor-version":[{"id":1415,"href":"https:\/\/collectifnode.com\/es\/wp-json\/wp\/v2\/pages\/506\/revisions\/1415"}],"wp:attachment":[{"href":"https:\/\/collectifnode.com\/es\/wp-json\/wp\/v2\/media?parent=506"}],"curies":[{"name":"wp","href":"https:\/\/api.w.org\/{rel}","templated":true}]}}