{"id":590,"date":"2019-09-05T08:16:53","date_gmt":"2019-09-05T08:16:53","guid":{"rendered":"http:\/\/collectifnode.com\/?page_id=590"},"modified":"2024-01-22T08:49:09","modified_gmt":"2024-01-22T08:49:09","slug":"presse","status":"publish","type":"page","link":"https:\/\/collectifnode.com\/es\/presse","title":{"rendered":"Prensa"},"content":{"rendered":"<p><strong>Monograf\u00eda<\/strong><br \/>\n-\u00abPetites places\u00bb ed. Gestalten &#8211; 2018<br \/>\n-\u00ab150 Best Tiny Space Ideas\u00bb ed. Harper Collins &#8211;\u00a0 2019<br \/>\n-\u00abTransforming Old Homes for Modern Living\u00bb ed.imagescn &#8211; 2019<\/p>\n<p><strong>Prensa<\/strong><br \/>\n-Architecture \u00e0 vivre H.S #60 &#8211; 2024<br \/>\n-Architecture \u00e0 vivre H.S #59 &#8211; 2023<br \/>\n-Architecture \u00e0 vivre n\u00b0100 &#8211; 2018<br \/>\n-Zuschnitt n\u00b074 magazine, ed. ProHolz Austria &#8211; 2019<br \/>\n-Maison et Travaux n\u00b0291 &#8211; 2018<\/p>\n<p><strong>La Web<\/strong><br \/>\n&#8211;<a href=\"https:\/\/www.archdaily.com\/890318\/atelier-142-atelier-wilda\" target=\"_blank\" rel=\"noopener noreferrer\">archdaily &#8211; l&rsquo;atelier 142<\/a><br \/>\n&#8211;<a href=\"https:\/\/www.archdaily.com\/998449\/pog-house-node-architectes\" target=\"_blank\" rel=\"noopener noreferrer\">archdaily &#8211; La maison POG<\/a><br \/>\n&#8211;<a href=\"https:\/\/www.dwell.com\/article\/before-and-after-a-renovated-artists-studio-is-now-an-airy-efficient-home-6bea9b9e\" target=\"_blank\" rel=\"noopener noreferrer\" class=\"broken_link\">dwell<\/a><br \/>\n&#8211;<a href=\"https:\/\/www.contemporist.com\/1970s-art-studio-was-transformed-into-small-home\/\" target=\"_blank\" rel=\"noopener noreferrer\">contemporist<\/a><\/p>\n<pre><\/pre>","protected":false},"excerpt":{"rendered":"<p>Monographies -\u00abPetites places\u00bb ed. Gestalten &#8211; 2018 -\u00ab150 Best Tiny Space Ideas\u00bb ed. Harper Collins &#8211;\u00a0 2019 -\u00abTransforming Old Homes for Modern Living\u00bb ed.imagescn &#8211; 2019 Presse -Architecture \u00e0 vivre H.S #60 &#8211; 2024 -Architecture \u00e0 vivre H.S #59 &#8211; 2023 -Architecture \u00e0 vivre n\u00b0100 &#8211; 2018 -Zuschnitt n\u00b074 magazine, ed. ProHolz Austria &#8211; 2019 -Maison et Travaux n\u00b0291 &#8211; 2018 Le Web &#8211;archdaily &#8211; l&rsquo;atelier 142 &#8211;archdaily &#8211; La maison POG &#8211;dwell &#8211;contemporist<\/p>","protected":false},"author":1,"featured_media":0,"parent":0,"menu_order":0,"comment_status":"closed","ping_status":"closed","template":"page-with-slider.php","meta":[],"yoast_head":"<!-- This site is optimized with the Yoast SEO plugin v16.1.1 - https:\/\/yoast.com\/wordpress\/plugins\/seo\/ -->\n<title>Presse - NODE architectes<\/title>\n<meta name=\"description\" content=\"Projets du collectif node architecture dans les ouvrages d&#039;architecture et la presse sp\u00e9cialis\u00e9e\" \/>\n<meta name=\"robots\" content=\"index, follow, max-snippet:-1, max-image-preview:large, max-video-preview:-1\" \/>\n<link rel=\"canonical\" href=\"https:\/\/collectifnode.com\/es\/presse\/\" \/>\n<meta property=\"og:locale\" content=\"es_ES\" \/>\n<meta property=\"og:type\" content=\"article\" \/>\n<meta property=\"og:title\" content=\"Presse - NODE architectes\" \/>\n<meta property=\"og:description\" content=\"Projets du collectif node architecture dans les ouvrages d&#039;architecture et la presse sp\u00e9cialis\u00e9e\" \/>\n<meta property=\"og:url\" content=\"https:\/\/collectifnode.com\/es\/presse\/\" \/>\n<meta property=\"og:site_name\" content=\"NODE architectes\" \/>\n<meta property=\"article:modified_time\" content=\"2024-01-22T08:49:09+00:00\" \/>\n<meta name=\"twitter:card\" content=\"summary_large_image\" \/>\n<script type=\"application\/ld+json\" class=\"yoast-schema-graph\">{\"@context\":\"https:\/\/schema.org\",\"@graph\":[{\"@type\":\"WebSite\",\"@id\":\"https:\/\/collectifnode.com\/#website\",\"url\":\"https:\/\/collectifnode.com\/\",\"name\":\"Collectif Node Architecture\",\"description\":\"Architecte Vannes\",\"potentialAction\":[{\"@type\":\"SearchAction\",\"target\":\"https:\/\/collectifnode.com\/?s={search_term_string}\",\"query-input\":\"required name=search_term_string\"}],\"inLanguage\":\"es\"},{\"@type\":\"WebPage\",\"@id\":\"https:\/\/collectifnode.com\/presse#webpage\",\"url\":\"https:\/\/collectifnode.com\/presse\",\"name\":\"Presse - NODE architectes\",\"isPartOf\":{\"@id\":\"https:\/\/collectifnode.com\/#website\"},\"datePublished\":\"2019-09-05T08:16:53+00:00\",\"dateModified\":\"2024-01-22T08:49:09+00:00\",\"description\":\"Projets du collectif node architecture dans les ouvrages d'architecture et la presse sp\\u00e9cialis\\u00e9e\",\"breadcrumb\":{\"@id\":\"https:\/\/collectifnode.com\/presse#breadcrumb\"},\"inLanguage\":\"es\",\"potentialAction\":[{\"@type\":\"ReadAction\",\"target\":[\"https:\/\/collectifnode.com\/presse\"]}]},{\"@type\":\"BreadcrumbList\",\"@id\":\"https:\/\/collectifnode.com\/presse#breadcrumb\",\"itemListElement\":[{\"@type\":\"ListItem\",\"position\":1,\"item\":{\"@type\":\"WebPage\",\"@id\":\"https:\/\/collectifnode.com\/\",\"url\":\"https:\/\/collectifnode.com\/\",\"name\":\"Accueil\"}},{\"@type\":\"ListItem\",\"position\":2,\"item\":{\"@type\":\"WebPage\",\"@id\":\"https:\/\/collectifnode.com\/presse\",\"url\":\"https:\/\/collectifnode.com\/presse\",\"name\":\"Presse\"}}]}]}<\/script>\n<!-- \/ Yoast SEO plugin. -->","_links":{"self":[{"href":"https:\/\/collectifnode.com\/es\/wp-json\/wp\/v2\/pages\/590"}],"collection":[{"href":"https:\/\/collectifnode.com\/es\/wp-json\/wp\/v2\/pages"}],"about":[{"href":"https:\/\/collectifnode.com\/es\/wp-json\/wp\/v2\/types\/page"}],"author":[{"embeddable":true,"href":"https:\/\/collectifnode.com\/es\/wp-json\/wp\/v2\/users\/1"}],"replies":[{"embeddable":true,"href":"https:\/\/collectifnode.com\/es\/wp-json\/wp\/v2\/comments?post=590"}],"version-history":[{"count":32,"href":"https:\/\/collectifnode.com\/es\/wp-json\/wp\/v2\/pages\/590\/revisions"}],"predecessor-version":[{"id":1342,"href":"https:\/\/collectifnode.com\/es\/wp-json\/wp\/v2\/pages\/590\/revisions\/1342"}],"wp:attachment":[{"href":"https:\/\/collectifnode.com\/es\/wp-json\/wp\/v2\/media?parent=590"}],"curies":[{"name":"wp","href":"https:\/\/api.w.org\/{rel}","templated":true}]}}